{"id":83575,"date":"2024-02-23T18:52:20","date_gmt":"2024-02-23T18:52:20","guid":{"rendered":"https:\/\/alcino.com\/?page_id=83575"},"modified":"2024-03-07T10:23:08","modified_gmt":"2024-03-07T10:23:08","slug":"customization","status":"publish","type":"page","link":"https:\/\/alcino.com\/en\/projects\/customization\/","title":{"rendered":"Jewellery and Decor &#8211; Customization"},"content":{"rendered":"\n\t<div id=\"gap-1359291678\" class=\"gap-element clearfix\" style=\"display:block; height:auto;\">\n\t\t\n<style>\n#gap-1359291678 {\n  padding-top: 30px;\n}\n<\/style>\n\t<\/div>\n\t\n\n<div class=\"row\"  id=\"row-58955161\">\n\n\n\t<div id=\"col-1644496457\" class=\"col medium-2 small-12 large-2\"  >\n\t\t\t\t<div class=\"col-inner\"  >\n\t\t\t\n\t\t\t\n\n\n\t\t<\/div>\n\t\t\t\t\t<\/div>\n\n\t\n\n\t<div id=\"col-967748907\" class=\"col medium-8 small-12 large-8\"  >\n\t\t\t\t<div class=\"col-inner\"  >\n\t\t\t\n\t\t\t\n\n\t<div id=\"text-1805621924\" class=\"text\">\n\t\t\n\n<h2 class=\"alt-font\">We create any jewel or piece tailored to your dream<\/h2>\n<p>Share your story and we will produce a customized piece that speaks to your soul.<\/p>\n\t\t\n<style>\n#text-1805621924 {\n  text-align: center;\n}\n<\/style>\n\t<\/div>\n\t\n\n\t\t<\/div>\n\t\t\t\t\t<\/div>\n\n\t\n\n\t<div id=\"col-20580337\" class=\"col hide-for-small medium-2 small-12 large-2\"  >\n\t\t\t\t<div class=\"col-inner\"  >\n\t\t\t\n\t\t\t\n\n\n\t\t<\/div>\n\t\t\t\t\t<\/div>\n\n\t\n\n\t<div id=\"col-648939898\" class=\"col hide-for-small medium-2 small-12 large-2\"  >\n\t\t\t\t<div class=\"col-inner\"  >\n\t\t\t\n\t\t\t\n\n\n\t\t<\/div>\n\t\t\t\t\t<\/div>\n\n\t\n\n\t<div id=\"col-378384841\" class=\"col medium-8 small-12 large-8\"  >\n\t\t\t\t<div class=\"col-inner text-center\"  >\n\t\t\t\n\t\t\t\n\n\t<div class=\"img has-hover x md-x lg-x y md-y lg-y\" id=\"image_1166564751\">\n\t\t\t\t\t\t\t\t<div class=\"img-inner dark\" >\n\t\t\t<img decoding=\"async\" width=\"1337\" height=\"461\" src=\"https:\/\/alcino.com\/wp-content\/uploads\/2024\/03\/bannerpers-1.jpg\" class=\"attachment-original size-original\" alt=\"\" srcset=\"https:\/\/alcino.com\/wp-content\/uploads\/2024\/03\/bannerpers-1.jpg 1337w, https:\/\/alcino.com\/wp-content\/uploads\/2024\/03\/bannerpers-1-300x103.jpg 300w, https:\/\/alcino.com\/wp-content\/uploads\/2024\/03\/bannerpers-1-1024x353.jpg 1024w, https:\/\/alcino.com\/wp-content\/uploads\/2024\/03\/bannerpers-1-768x265.jpg 768w, https:\/\/alcino.com\/wp-content\/uploads\/2024\/03\/bannerpers-1-600x207.jpg 600w\" sizes=\"(max-width: 1337px) 100vw, 1337px\" \/>\t\t\t\t\t\t\n\t\t\t\t\t<\/div>\n\t\t\t\t\t\t\t\t\n<style>\n#image_1166564751 {\n  width: 100%;\n}\n<\/style>\n\t<\/div>\n\t\n\n\t<div class=\"img has-hover x md-x lg-x y md-y lg-y\" id=\"image_607717710\">\n\t\t\t\t\t\t\t\t<div class=\"img-inner dark\" >\n\t\t\t<img decoding=\"async\" width=\"1337\" height=\"461\" src=\"https:\/\/alcino.com\/wp-content\/uploads\/2024\/02\/landingpersonalizacao1.jpg\" class=\"attachment-original size-original\" alt=\"Joias personalizadas em prata e ouro, pe\u00e7as de decora\u00e7\u00e3o ou recupera\u00e7\u00e3o de objetos antigos\" srcset=\"https:\/\/alcino.com\/wp-content\/uploads\/2024\/02\/landingpersonalizacao1.jpg 1337w, https:\/\/alcino.com\/wp-content\/uploads\/2024\/02\/landingpersonalizacao1-300x103.jpg 300w, https:\/\/alcino.com\/wp-content\/uploads\/2024\/02\/landingpersonalizacao1-1024x353.jpg 1024w, https:\/\/alcino.com\/wp-content\/uploads\/2024\/02\/landingpersonalizacao1-768x265.jpg 768w, https:\/\/alcino.com\/wp-content\/uploads\/2024\/02\/landingpersonalizacao1-600x207.jpg 600w\" sizes=\"(max-width: 1337px) 100vw, 1337px\" \/>\t\t\t\t\t\t\n\t\t\t\t\t<\/div>\n\t\t\t\t\t\t\t\t\n<style>\n#image_607717710 {\n  width: 100%;\n}\n<\/style>\n\t<\/div>\n\t\n\n\t<div class=\"img has-hover x md-x lg-x y md-y lg-y\" id=\"image_802687503\">\n\t\t\t\t\t\t\t\t<div class=\"img-inner dark\" >\n\t\t\t<img decoding=\"async\" width=\"1337\" height=\"461\" src=\"https:\/\/alcino.com\/wp-content\/uploads\/2024\/02\/landingpersonalizacao3.jpg\" class=\"attachment-original size-original\" alt=\"Voc\u00ea sonha, n\u00f3s desenhamos e tornamos realidade qualquer joia personalizada\" srcset=\"https:\/\/alcino.com\/wp-content\/uploads\/2024\/02\/landingpersonalizacao3.jpg 1337w, https:\/\/alcino.com\/wp-content\/uploads\/2024\/02\/landingpersonalizacao3-300x103.jpg 300w, https:\/\/alcino.com\/wp-content\/uploads\/2024\/02\/landingpersonalizacao3-1024x353.jpg 1024w, https:\/\/alcino.com\/wp-content\/uploads\/2024\/02\/landingpersonalizacao3-768x265.jpg 768w, https:\/\/alcino.com\/wp-content\/uploads\/2024\/02\/landingpersonalizacao3-600x207.jpg 600w\" sizes=\"(max-width: 1337px) 100vw, 1337px\" \/>\t\t\t\t\t\t\n\t\t\t\t\t<\/div>\n\t\t\t\t\t\t\t\t\n<style>\n#image_802687503 {\n  width: 100%;\n}\n<\/style>\n\t<\/div>\n\t\n\n\n\t\t<\/div>\n\t\t\t\t\t<\/div>\n\n\t\n\n\t<div id=\"col-254559400\" class=\"col hide-for-small medium-2 small-12 large-2\"  >\n\t\t\t\t<div class=\"col-inner\"  >\n\t\t\t\n\t\t\t\n\n\n\t\t<\/div>\n\t\t\t\t\t<\/div>\n\n\t\n\n<\/div>\n<div class=\"row form-agendar-visita\"  id=\"row-1831285804\">\n\n\n\t<div id=\"col-134537963\" class=\"col hide-for-small medium-2 small-12 large-2\"  >\n\t\t\t\t<div class=\"col-inner\"  >\n\t\t\t\n\t\t\t\n\n\n\t\t<\/div>\n\t\t\t\t\t<\/div>\n\n\t\n\n\t<div id=\"col-2047917957\" class=\"col medium-8 small-12 large-8\"  >\n\t\t\t\t<div class=\"col-inner\"  >\n\t\t\t\n\t\t\t\n\n\t<div id=\"gap-1500371101\" class=\"gap-element clearfix\" style=\"display:block; height:auto;\">\n\t\t\n<style>\n#gap-1500371101 {\n  padding-top: 50px;\n}\n@media (min-width:550px) {\n  #gap-1500371101 {\n    padding-top: 40px;\n  }\n}\n<\/style>\n\t<\/div>\n\t\n\n\t<div id=\"text-3598866469\" class=\"text\">\n\t\t\n\n<h2 class=\"alt-font\">Your story carried in a customized jewellery or piece<\/h2>\n<p>Gifting someone a personalized piece is a demonstration of care, attention and consideration. Whether it may be for a marriage proposal, a birthday or to simply show your love for someone. It may also be the opportunity to recover an inherited or vintage piece.<\/p>\n<p>In the end, there is a story we want to tell and that will become part of an object.<br>In the shape of a jewel, a piece of decoration or a fashion accessory.<\/p>\n<p>The concept of surprising someone special with a gift that no one else comes with big responsibility. Just like giving new life to an object that has been a part of your life for several years. Making this dream come true is possible with ALCINO. We will guide and coordinate the entire customization process.<\/p>\n<p><strong>But first, what is the story you would like to tell?<\/strong><\/p>\n\t\t\n<style>\n#text-3598866469 {\n  text-align: center;\n}\n<\/style>\n\t<\/div>\n\t\n\t<div id=\"gap-1022550595\" class=\"gap-element clearfix\" style=\"display:block; height:auto;\">\n\t\t\n<style>\n#gap-1022550595 {\n  padding-top: 20px;\n}\n@media (min-width:550px) {\n  #gap-1022550595 {\n    padding-top: 40px;\n  }\n}\n<\/style>\n\t<\/div>\n\t\n\n\t<div class=\"img has-hover x md-x lg-x y md-y lg-y\" id=\"image_462922317\">\n\t\t\t\t\t\t\t\t<div class=\"img-inner dark\" >\n\t\t\t<img decoding=\"async\" width=\"1337\" height=\"461\" src=\"https:\/\/alcino.com\/wp-content\/uploads\/2024\/02\/landingpersonalizacao4.jpg\" class=\"attachment-original size-original\" alt=\"Somos o seu parceiro para qualquer projeto de joias personalizadas em prata e ouro\" srcset=\"https:\/\/alcino.com\/wp-content\/uploads\/2024\/02\/landingpersonalizacao4.jpg 1337w, https:\/\/alcino.com\/wp-content\/uploads\/2024\/02\/landingpersonalizacao4-300x103.jpg 300w, https:\/\/alcino.com\/wp-content\/uploads\/2024\/02\/landingpersonalizacao4-1024x353.jpg 1024w, https:\/\/alcino.com\/wp-content\/uploads\/2024\/02\/landingpersonalizacao4-768x265.jpg 768w, https:\/\/alcino.com\/wp-content\/uploads\/2024\/02\/landingpersonalizacao4-600x207.jpg 600w\" sizes=\"(max-width: 1337px) 100vw, 1337px\" \/>\t\t\t\t\t\t\n\t\t\t\t\t<\/div>\n\t\t\t\t\t\t\t\t\n<style>\n#image_462922317 {\n  width: 100%;\n}\n<\/style>\n\t<\/div>\n\t\n\n\t<div id=\"gap-596744847\" class=\"gap-element clearfix\" style=\"display:block; height:auto;\">\n\t\t\n<style>\n#gap-596744847 {\n  padding-top: 40px;\n}\n<\/style>\n\t<\/div>\n\t\n\n\n\t\t<\/div>\n\t\t\t\t\t<\/div>\n\n\t\n\n\t<div id=\"col-836195297\" class=\"col hide-for-small medium-2 small-12 large-2\"  >\n\t\t\t\t<div class=\"col-inner\"  >\n\t\t\t\n\t\t\t\n\n\n\t\t<\/div>\n\t\t\t\t\t<\/div>\n\n\t\n\n\t<div id=\"col-609003594\" class=\"col hide-for-small medium-2 small-12 large-2\"  >\n\t\t\t\t<div class=\"col-inner\"  >\n\t\t\t\n\t\t\t\n\n\n\t\t<\/div>\n\t\t\t\t\t<\/div>\n\n\t\n\n\t<div id=\"col-498709171\" class=\"col medium-8 small-12 large-8\"  >\n\t\t\t\t<div class=\"col-inner\"  >\n\t\t\t\n\t\t\t\n\n\t<div id=\"text-1328858769\" class=\"text\">\n\t\t\n\n<h2 class=\"alt-font\">The customization process<\/h2>\n<p>At ALCINO, our biggest goal is for the customer to have a light, exclusive and memorable experience. What you envisioned for the customized piece will be fulfilled in the smallest detail. We listen, advise and execute. These are the steps of our process:<\/p>\n<p><strong><br>Step 1: Custom design in-person consultation<\/strong><br>Bring us a drawing, a picture or even a description about the story you want to tell. At ALCINO we have experts who will accommodate your wishes and support you in selecting the color, features and shape of the piece.<br><br><strong><br>Step 2: Prototyping<\/strong><br>After, we will present you a first draft. You will have the opportunity to review the proposed sketch and together we will make sure the design of the piece translates your vision.<br><br><strong><br>Step 3: Production<\/strong><br>At this point, we will trust your customized piece in the hands to our artisans. This process requires technical skill and attention to detail. We want to ensure that you dream is being fulfilled.<br><br><strong><br>Step 4: Delivery<\/strong><br>Straight from our silver workshop, we will hand deliver the final product to you. At ALCINO we value the dialog and close relationship from the first contact.<\/p>\n<p><strong><br>This process is, above all, a collaboration. All decisions will be shared with you. Our main concern is to materialize the essence of your story in a truly exclusive and unique piece.<\/strong><\/p>\n\t\t\n<style>\n#text-1328858769 {\n  text-align: center;\n}\n<\/style>\n\t<\/div>\n\t\n\t<div id=\"gap-954065697\" class=\"gap-element clearfix\" style=\"display:block; height:auto;\">\n\t\t\n<style>\n#gap-954065697 {\n  padding-top: 40px;\n}\n<\/style>\n\t<\/div>\n\t\n\n\t<div class=\"img has-hover x md-x lg-x y md-y lg-y\" id=\"image_1771723373\">\n\t\t\t\t\t\t\t\t<div class=\"img-inner dark\" >\n\t\t\t<img decoding=\"async\" width=\"1337\" height=\"461\" src=\"https:\/\/alcino.com\/wp-content\/uploads\/2024\/02\/landingpersonalizacao5.jpg\" class=\"attachment-original size-original\" alt=\"Alian\u00e7as, an\u00e9is, colares, pingentes, pulseiras e brincos personalizados \u00e0 sua imagem\" srcset=\"https:\/\/alcino.com\/wp-content\/uploads\/2024\/02\/landingpersonalizacao5.jpg 1337w, https:\/\/alcino.com\/wp-content\/uploads\/2024\/02\/landingpersonalizacao5-300x103.jpg 300w, https:\/\/alcino.com\/wp-content\/uploads\/2024\/02\/landingpersonalizacao5-1024x353.jpg 1024w, https:\/\/alcino.com\/wp-content\/uploads\/2024\/02\/landingpersonalizacao5-768x265.jpg 768w, https:\/\/alcino.com\/wp-content\/uploads\/2024\/02\/landingpersonalizacao5-600x207.jpg 600w\" sizes=\"(max-width: 1337px) 100vw, 1337px\" \/>\t\t\t\t\t\t\n\t\t\t\t\t<\/div>\n\t\t\t\t\t\t\t\t\n<style>\n#image_1771723373 {\n  width: 100%;\n}\n<\/style>\n\t<\/div>\n\t\n\n\t<div id=\"gap-1707423179\" class=\"gap-element clearfix\" style=\"display:block; height:auto;\">\n\t\t\n<style>\n#gap-1707423179 {\n  padding-top: 40px;\n}\n<\/style>\n\t<\/div>\n\t\n\n\n\t\t<\/div>\n\t\t\t\t\t<\/div>\n\n\t\n\n\t<div id=\"col-239698515\" class=\"col hide-for-small medium-2 small-12 large-2\"  >\n\t\t\t\t<div class=\"col-inner\"  >\n\t\t\t\n\t\t\t\n\n\n\t\t<\/div>\n\t\t\t\t\t<\/div>\n\n\t\n\n\t<div id=\"col-219441681\" class=\"col hide-for-small medium-2 small-12 large-2\"  >\n\t\t\t\t<div class=\"col-inner\"  >\n\t\t\t\n\t\t\t\n\n\n\t\t<\/div>\n\t\t\t\t\t<\/div>\n\n\t\n\n\t<div id=\"col-1408518313\" class=\"col medium-8 small-12 large-8\"  >\n\t\t\t\t<div class=\"col-inner\"  >\n\t\t\t\n\t\t\t\n\n<h2 class=\"alt-font\" style=\"text-align: center;\">Get in touch with us<\/h2>\n<p style=\"text-align: center;\">Visit our stores in Porto. You may schedule your first meeting with us using the form:<\/p>\n\n\t\t<\/div>\n\t\t\t\t\t<\/div>\n\n\t\n\n\t<div id=\"col-1258238913\" class=\"col hide-for-small medium-2 small-12 large-2\"  >\n\t\t\t\t<div class=\"col-inner\"  >\n\t\t\t\n\t\t\t\n\n\n\t\t<\/div>\n\t\t\t\t\t<\/div>\n\n\t\n\n\t<div id=\"col-549628891\" class=\"col hide-for-small medium-2 small-12 large-2\"  >\n\t\t\t\t<div class=\"col-inner\"  >\n\t\t\t\n\t\t\t\n\n\n\t\t<\/div>\n\t\t\t\t\t<\/div>\n\n\t\n\n\t<div id=\"col-1620931376\" class=\"col medium-8 small-12 large-8\"  >\n\t\t\t\t<div class=\"col-inner\"  >\n\t\t\t\n\t\t\t\n\n\n<div class=\"wpcf7 no-js\" id=\"wpcf7-f83598-o1\" lang=\"en-US\" dir=\"ltr\" data-wpcf7-id=\"83598\">\n<div class=\"screen-reader-response\"><p role=\"status\" aria-live=\"polite\" aria-atomic=\"true\"><\/p> <ul><\/ul><\/div>\n<form action=\"\/en\/wp-json\/wp\/v2\/pages\/83575#wpcf7-f83598-o1\" method=\"post\" class=\"wpcf7-form init 5cc9c50cdb3e cmatic-conn cmatic-aud-1 cmatic-mapd0-0 cmatic-v0975 cmatic-sent-0 cmatic-total-323\" aria-label=\"Contact form\" enctype=\"multipart\/form-data\" novalidate=\"novalidate\" data-status=\"init\">\n<fieldset class=\"hidden-fields-container\"><input type=\"hidden\" name=\"_wpcf7\" value=\"83598\" \/><input type=\"hidden\" name=\"_wpcf7_version\" value=\"6.1.5\" \/><input type=\"hidden\" name=\"_wpcf7_locale\" value=\"en_US\" \/><input type=\"hidden\" name=\"_wpcf7_unit_tag\" value=\"wpcf7-f83598-o1\" \/><input type=\"hidden\" name=\"_wpcf7_container_post\" value=\"0\" \/><input type=\"hidden\" name=\"_wpcf7_posted_data_hash\" value=\"\" \/>\n<\/fieldset>\n<div class=\"wpcf7-turnstile cf-turnstile\" data-sitekey=\"0x4AAAAAACGhLbcMdNsxMdOD\" data-response-field-name=\"_wpcf7_turnstile_response\"><\/div>\n\n<div class=\"row\">\n\t<div class=\"col medium-6 small-12 large-6\">\n\t\t<p><label> <span class=\"wpcf7-form-control-wrap\" data-name=\"your-name\"><input size=\"40\" maxlength=\"400\" class=\"wpcf7-form-control wpcf7-text wpcf7-validates-as-required\" aria-required=\"true\" aria-invalid=\"false\" placeholder=\"Name*\" value=\"\" type=\"text\" name=\"your-name\" \/><\/span> <\/label>\n\t\t<\/p>\n\t<\/div>\n\t<div class=\"col medium-6 small-12 large-6\">\n\t\t<p><label> <span class=\"wpcf7-form-control-wrap\" data-name=\"your-email\"><input size=\"40\" maxlength=\"400\" class=\"wpcf7-form-control wpcf7-email wpcf7-validates-as-required wpcf7-text wpcf7-validates-as-email\" aria-required=\"true\" aria-invalid=\"false\" placeholder=\"Email*\" value=\"\" type=\"email\" name=\"your-email\" \/><\/span> <\/label>\n\t\t<\/p>\n\t<\/div>\n<\/div>\n<div class=\"row\">\n\t<div class=\"col medium-6 small-12 large-6\">\n\t\t<p><label> <span class=\"wpcf7-form-control-wrap\" data-name=\"your-country\"><input size=\"40\" maxlength=\"400\" class=\"wpcf7-form-control wpcf7-text wpcf7-validates-as-required\" aria-required=\"true\" aria-invalid=\"false\" placeholder=\"Country*\" value=\"\" type=\"text\" name=\"your-country\" \/><\/span> <\/label>\n\t\t<\/p>\n\t<\/div>\n\t<div class=\"col medium-6 small-12 large-6\">\n\t\t<p><label> <span class=\"wpcf7-form-control-wrap\" data-name=\"your-phone\"><input size=\"40\" maxlength=\"400\" class=\"wpcf7-form-control wpcf7-text wpcf7-validates-as-required\" aria-required=\"true\" aria-invalid=\"false\" placeholder=\"Mobile Number*\" value=\"\" type=\"text\" name=\"your-phone\" \/><\/span> <\/label>\n\t\t<\/p>\n\t<\/div>\n<\/div>\n<div class=\"row\">\n\t<div class=\"col medium-3 small-12 large-3\">\n\t\t<p>Type of part * :<br \/>\n<span class=\"wpcf7-form-control-wrap\" data-name=\"Tipo_Peca\"><span class=\"wpcf7-form-control wpcf7-checkbox wpcf7-validates-as-required wpcf7-exclusive-checkbox\"><span class=\"wpcf7-list-item first\"><label><input type=\"checkbox\" name=\"Tipo_Peca\" value=\"Jewellery\" \/><span class=\"wpcf7-list-item-label\">Jewellery<\/span><\/label><\/span><span class=\"wpcf7-list-item last\"><label><input type=\"checkbox\" name=\"Tipo_Peca\" value=\"Home Decoration\" \/><span class=\"wpcf7-list-item-label\">Home Decoration<\/span><\/label><\/span><\/span><\/span>\n\t\t<\/p>\n\t<\/div>\n\t<div class=\"col medium-3 small-12 large-3\">\n\t\t<p>Objective * :<br \/>\n<span class=\"wpcf7-form-control-wrap\" data-name=\"Objetivo\"><span class=\"wpcf7-form-control wpcf7-checkbox wpcf7-validates-as-required wpcf7-exclusive-checkbox\"><span class=\"wpcf7-list-item first\"><label><input type=\"checkbox\" name=\"Objetivo\" value=\"Individual\" \/><span class=\"wpcf7-list-item-label\">Individual<\/span><\/label><\/span><span class=\"wpcf7-list-item last\"><label><input type=\"checkbox\" name=\"Objetivo\" value=\"Company\" \/><span class=\"wpcf7-list-item-label\">Company<\/span><\/label><\/span><\/span><\/span>\n\t\t<\/p>\n\t<\/div>\n\t<div class=\"col medium-3 small-12 large-3\">\n\t\t<p>Contact preference * :<br \/>\n<span class=\"wpcf7-form-control-wrap\" data-name=\"Pref_Contato\"><span class=\"wpcf7-form-control wpcf7-checkbox wpcf7-validates-as-required wpcf7-exclusive-checkbox\"><span class=\"wpcf7-list-item first\"><input type=\"checkbox\" name=\"Pref_Contato\" value=\"Whatsapp\" \/><span class=\"wpcf7-list-item-label\">Whatsapp<\/span><\/span><span class=\"wpcf7-list-item\"><input type=\"checkbox\" name=\"Pref_Contato\" value=\"Email\" \/><span class=\"wpcf7-list-item-label\">Email<\/span><\/span><span class=\"wpcf7-list-item last\"><input type=\"checkbox\" name=\"Pref_Contato\" value=\"Phone\" \/><span class=\"wpcf7-list-item-label\">Phone<\/span><\/span><\/span><\/span>\n\t\t<\/p>\n\t<\/div>\n<\/div>\n<p>Intended date and time * :\n<\/p>\n<div class=\"row\">\n\t<div class=\"col medium-3 small-12 large-3\">\n\t\t<p><label> <span class=\"wpcf7-form-control-wrap\" data-name=\"date-time\"><input class=\"wpcf7-form-control wpcf7-date wpcf7-validates-as-required wpcf7-validates-as-date\" aria-required=\"true\" aria-invalid=\"false\" placeholder=\"Intended date*\" value=\"\" type=\"date\" name=\"date-time\" \/><\/span> <\/label>\n\t\t<\/p>\n\t<\/div>\n\t<div class=\"col medium-3 small-12 large-3\">\n\t\t<p><label> <span class=\"wpcf7-form-control-wrap\" data-name=\"hour-time\"><input size=\"40\" maxlength=\"400\" class=\"wpcf7-form-control wpcf7-text wpcf7-validates-as-required\" aria-required=\"true\" aria-invalid=\"false\" placeholder=\"Intended time*\" value=\"\" type=\"text\" name=\"hour-time\" \/><\/span> <\/label>\n\t\t<\/p>\n\t<\/div>\n<\/div>\n<p><label> <span class=\"wpcf7-form-control-wrap\" data-name=\"Mensagem\"><textarea cols=\"40\" rows=\"10\" maxlength=\"2000\" class=\"wpcf7-form-control wpcf7-textarea wpcf7-validates-as-required\" aria-required=\"true\" aria-invalid=\"false\" placeholder=\"Write your request *\" name=\"Mensagem\"><\/textarea><\/span> <\/label>\n<\/p>\n<div class=\"row\">\n\t<div class=\"col medium-6 small-12 large-6\">\n\t\t<p><label><span class=\"wpcf7-form-control-wrap\" data-name=\"anexo1\"><input size=\"40\" class=\"wpcf7-form-control wpcf7-file\" accept=\"audio\/*,video\/*,image\/*\" aria-invalid=\"false\" type=\"file\" name=\"anexo1\" \/><\/span><\/label><br \/>\n<label><span class=\"wpcf7-form-control-wrap\" data-name=\"anexo2\"><input size=\"40\" class=\"wpcf7-form-control wpcf7-file\" accept=\"audio\/*,video\/*,image\/*\" aria-invalid=\"false\" type=\"file\" name=\"anexo2\" \/><\/span><\/label><br \/>\n<label><span class=\"wpcf7-form-control-wrap\" data-name=\"anexo3\"><input size=\"40\" class=\"wpcf7-form-control wpcf7-file\" accept=\"audio\/*,video\/*,image\/*\" aria-invalid=\"false\" type=\"file\" name=\"anexo3\" \/><\/span><\/label>\n\t\t<\/p>\n\t<\/div>\n<\/div>\n<p><label>\t<span class=\"wpcf7-form-control-wrap\" data-name=\"acceptance-contato\"><span class=\"wpcf7-form-control wpcf7-acceptance\"><span class=\"wpcf7-list-item\"><label><input type=\"checkbox\" name=\"acceptance-contato\" value=\"1\" class=\"aceitacaocontato\" id=\"aceitacaocontato\" aria-invalid=\"false\" \/><span class=\"wpcf7-list-item-label\">I accept the terms and conditions and understand that my data will be stored securely in accordance with the <a href=\"https:\/\/alcino.com\/en\/privacy-policy\/\">privacy policy<\/a><\/span><\/label><\/span><\/span><\/span> <\/label>\n<\/p>\n<p class=\"text-description\"> *Required fields\n<\/p>\n<div class=\"submit-message text-uppercase button-arrow-outline\">\n\t<p><button type=\"submit\" class=\"button primary is-outline is-xlarge\">Submeter<span>\u2192<\/span><\/button>\n\t<\/p>\n<\/div><input type=\"hidden\" id=\"ct_checkjs_cf7_854d9fca60b4bd07f9bb215d59ef5561\" name=\"ct_checkjs_cf7\" value=\"0\" \/><script >setTimeout(function(){var ct_input_name = \"ct_checkjs_cf7_854d9fca60b4bd07f9bb215d59ef5561\";if (document.getElementById(ct_input_name) !== null) {var ct_input_value = document.getElementById(ct_input_name).value;document.getElementById(ct_input_name).value = document.getElementById(ct_input_name).value.replace(ct_input_value, '61dd078e77da9aacb3d35e7501b0fb41ba308f0976930ea0f053e65f12c46f20');}}, 1000);<\/script><input\n                    class=\"apbct_special_field apbct_email_id__wp_contact_form_7\"\n                    name=\"apbct__email_id__wp_contact_form_7\"\n                    aria-label=\"apbct__label_id__wp_contact_form_7\"\n                    type=\"text\" size=\"30\" maxlength=\"200\" autocomplete=\"off\"\n                    value=\"\"\n                \/><div class=\"wpcf7-response-output\" aria-hidden=\"true\"><\/div>\n<\/form>\n<\/div>\n\n\n\n\t\t<\/div>\n\t\t\t\t\t<\/div>\n\n\t\n\n\t<div id=\"col-1214536754\" class=\"col medium-2 small-12 large-2\"  >\n\t\t\t\t<div class=\"col-inner\"  >\n\t\t\t\n\t\t\t\n\n\n\t\t<\/div>\n\t\t\t\t\t<\/div>\n\n\t\n\n<\/div>\n\n","protected":false},"excerpt":{"rendered":"","protected":false},"author":22,"featured_media":83783,"parent":9644,"menu_order":0,"comment_status":"closed","ping_status":"closed","template":"page-blank-alcino.php","meta":{"_acf_changed":false,"_seopress_robots_primary_cat":"","_seopress_titles_title":"Personalized Jewellery &amp; Decor Gifts %%sep%% %%sitename%%","_seopress_titles_desc":"Create or personalize a unique piece of jewelry or decorative object. We are your best ally and the solution to the challenges you face!","_seopress_robots_index":"","_joinchat":[],"footnotes":""},"class_list":["post-83575","page","type-page","status-publish","has-post-thumbnail","hentry"],"acf":[],"_links":{"self":[{"href":"https:\/\/alcino.com\/en\/wp-json\/wp\/v2\/pages\/83575","targetHints":{"allow":["GET"]}}],"collection":[{"href":"https:\/\/alcino.com\/en\/wp-json\/wp\/v2\/pages"}],"about":[{"href":"https:\/\/alcino.com\/en\/wp-json\/wp\/v2\/types\/page"}],"author":[{"embeddable":true,"href":"https:\/\/alcino.com\/en\/wp-json\/wp\/v2\/users\/22"}],"replies":[{"embeddable":true,"href":"https:\/\/alcino.com\/en\/wp-json\/wp\/v2\/comments?post=83575"}],"version-history":[{"count":17,"href":"https:\/\/alcino.com\/en\/wp-json\/wp\/v2\/pages\/83575\/revisions"}],"predecessor-version":[{"id":83806,"href":"https:\/\/alcino.com\/en\/wp-json\/wp\/v2\/pages\/83575\/revisions\/83806"}],"up":[{"embeddable":true,"href":"https:\/\/alcino.com\/en\/wp-json\/wp\/v2\/pages\/9644"}],"wp:featuredmedia":[{"embeddable":true,"href":"https:\/\/alcino.com\/en\/wp-json\/wp\/v2\/media\/83783"}],"wp:attachment":[{"href":"https:\/\/alcino.com\/en\/wp-json\/wp\/v2\/media?parent=83575"}],"curies":[{"name":"wp","href":"https:\/\/api.w.org\/{rel}","templated":true}]}}