{"id":9637,"date":"2021-05-04T23:19:28","date_gmt":"2021-05-05T02:19:28","guid":{"rendered":"https:\/\/alcino.com\/custom-made\/"},"modified":"2023-03-01T11:52:22","modified_gmt":"2023-03-01T11:52:22","slug":"custom-made","status":"publish","type":"page","link":"https:\/\/alcino.com\/en\/projects\/custom-made\/","title":{"rendered":"Custom Made"},"content":{"rendered":"\n\t<div id=\"gap-378734256\" class=\"gap-element clearfix\" style=\"display:block; height:auto;\">\n\t\t\n<style>\n#gap-378734256 {\n  padding-top: 100px;\n}\n<\/style>\n\t<\/div>\n\t\n\n<div class=\"row\"  id=\"row-1182391193\">\n\n\n\t<div id=\"col-1895971101\" class=\"col medium-2 small-12 large-2\"  >\n\t\t\t\t<div class=\"col-inner\"  >\n\t\t\t\n\t\t\t\n\n\n\t\t<\/div>\n\t\t\t\t\t<\/div>\n\n\t\n\n\t<div id=\"col-958186779\" class=\"col medium-8 small-12 large-8\"  >\n\t\t\t\t<div class=\"col-inner\"  >\n\t\t\t\n\t\t\t\n\n\t<div id=\"text-3113192584\" class=\"text\">\n\t\t\n\n<h2 class=\"alt-font\">Custom Made<\/h2>\n<p>We develop and execute jewelry collections for different international brands, with a very own identity and with a concept defined by each creator. We manage each project and monitor all stages: from protototyping, production to collection delivery.<\/p>\n\n\t\t\n<style>\n#text-3113192584 {\n  text-align: center;\n}\n<\/style>\n\t<\/div>\n\t\n\n\t\t<\/div>\n\t\t\t\t\t<\/div>\n\n\t\n\n\t<div id=\"col-2096387901\" class=\"col medium-2 small-12 large-2\"  >\n\t\t\t\t<div class=\"col-inner\"  >\n\t\t\t\n\t\t\t\n\n\n\t\t<\/div>\n\t\t\t\t\t<\/div>\n\n\t\n\n\t<div id=\"col-1644784091\" class=\"col small-12 large-12\"  >\n\t\t\t\t<div class=\"col-inner\"  >\n\t\t\t\n\t\t\t\n\n\t<div id=\"gap-540609876\" class=\"gap-element clearfix\" style=\"display:block; height:auto;\">\n\t\t\n<style>\n#gap-540609876 {\n  padding-top: 80px;\n}\n<\/style>\n\t<\/div>\n\t\n\n\t<div class=\"img has-hover x md-x lg-x y md-y lg-y\" id=\"image_359229180\">\n\t\t\t\t\t\t\t\t<div class=\"img-inner dark\" >\n\t\t\t<img decoding=\"async\" width=\"1337\" height=\"461\" src=\"https:\/\/alcino.com\/wp-content\/uploads\/2021\/10\/Pecas-Criadas-de-Raiz.jpg\" class=\"attachment-original size-original\" alt=\"Pe\u00e7as Criadas de Raiz\" srcset=\"https:\/\/alcino.com\/wp-content\/uploads\/2021\/10\/Pecas-Criadas-de-Raiz.jpg 1337w, https:\/\/alcino.com\/wp-content\/uploads\/2021\/10\/Pecas-Criadas-de-Raiz-600x207.jpg 600w, https:\/\/alcino.com\/wp-content\/uploads\/2021\/10\/Pecas-Criadas-de-Raiz-300x103.jpg 300w, https:\/\/alcino.com\/wp-content\/uploads\/2021\/10\/Pecas-Criadas-de-Raiz-1024x353.jpg 1024w, https:\/\/alcino.com\/wp-content\/uploads\/2021\/10\/Pecas-Criadas-de-Raiz-768x265.jpg 768w, https:\/\/alcino.com\/wp-content\/uploads\/2021\/10\/Pecas-Criadas-de-Raiz-400x138.jpg 400w, https:\/\/alcino.com\/wp-content\/uploads\/2021\/10\/Pecas-Criadas-de-Raiz-788x272.jpg 788w\" sizes=\"(max-width: 1337px) 100vw, 1337px\" \/>\t\t\t\t\t\t\n\t\t\t\t\t<\/div>\n\t\t\t\t\t\t\t\t\n<style>\n#image_359229180 {\n  width: 100%;\n}\n<\/style>\n\t<\/div>\n\t\n\n\n\t\t<\/div>\n\t\t\t\t\t<\/div>\n\n\t\n\n<\/div>\n\t<div id=\"gap-1032231431\" class=\"gap-element clearfix\" style=\"display:block; height:auto;\">\n\t\t\n<style>\n#gap-1032231431 {\n  padding-top: 100px;\n}\n<\/style>\n\t<\/div>\n\t\n\n<div class=\"row\"  id=\"row-1922106902\">\n\n\n\t<div id=\"col-415114628\" class=\"col medium-2 small-12 large-2\"  >\n\t\t\t\t<div class=\"col-inner\"  >\n\t\t\t\n\t\t\t\n\n\n\t\t<\/div>\n\t\t\t\t\t<\/div>\n\n\t\n\n\t<div id=\"col-1712099938\" class=\"col medium-8 small-12 large-8\"  >\n\t\t\t\t<div class=\"col-inner\"  >\n\t\t\t\n\t\t\t\n\n\t<div id=\"text-3338101260\" class=\"text\">\n\t\t\n\n<h2 class=\"alt-font\">Solutions to your image<\/h2>\n<p>We are your best ally and we find solutions to the challenges that are proposed to us \u2013 as creatives and manufacturers. Our mission is to present you with the best product and make the whole process that involves the development of a much more fluid and efficient jewelry collection. The process of creating and developing a new collection is complex and full of detail, spanning several steps. Always respecting the brand\u2019s own language and the concept behind each collection, we intervene together with the teams that seek us to materialize their ideas and take over all the management and planning of the production process. The creation of a collection is often assumed to be difficult and demanding, assuming the following phases: prototyping, sales samples, pre-production, production, quality control and delivery. It is a task of enormous demand and responsibility that requires constant creativity, foresight and adaptation. We are prepared to monitor each of these phases to ensure that no detail escapes and that the final product not only matches what is expected but exceeds the expectations of our customers. Your confidence is the best return we can get!<\/p>\n\n\t\t\n<style>\n#text-3338101260 {\n  text-align: center;\n}\n<\/style>\n\t<\/div>\n\t\n\n\t\t<\/div>\n\t\t\t\t\t<\/div>\n\n\t\n\n\t<div id=\"col-1470125584\" class=\"col medium-2 small-12 large-2\"  >\n\t\t\t\t<div class=\"col-inner\"  >\n\t\t\t\n\t\t\t\n\n\n\t\t<\/div>\n\t\t\t\t\t<\/div>\n\n\t\n\n\t<div id=\"col-1075824867\" class=\"col small-12 large-12\"  >\n\t\t\t\t<div class=\"col-inner\"  >\n\t\t\t\n\t\t\t\n\n\t<div id=\"gap-727198719\" class=\"gap-element clearfix\" style=\"display:block; height:auto;\">\n\t\t\n<style>\n#gap-727198719 {\n  padding-top: 80px;\n}\n<\/style>\n\t<\/div>\n\t\n\n\t<div class=\"img has-hover x md-x lg-x y md-y lg-y\" id=\"image_2116258172\">\n\t\t\t\t\t\t\t\t<div class=\"img-inner dark\" >\n\t\t\t<img decoding=\"async\" width=\"1337\" height=\"461\" src=\"https:\/\/alcino.com\/wp-content\/uploads\/2021\/10\/Solucoes-a-Sua-Medida.jpg\" class=\"attachment-original size-original\" alt=\"Solu\u00e7\u00f5es \u00e0 Sua Medida\" srcset=\"https:\/\/alcino.com\/wp-content\/uploads\/2021\/10\/Solucoes-a-Sua-Medida.jpg 1337w, https:\/\/alcino.com\/wp-content\/uploads\/2021\/10\/Solucoes-a-Sua-Medida-600x207.jpg 600w, https:\/\/alcino.com\/wp-content\/uploads\/2021\/10\/Solucoes-a-Sua-Medida-300x103.jpg 300w, https:\/\/alcino.com\/wp-content\/uploads\/2021\/10\/Solucoes-a-Sua-Medida-1024x353.jpg 1024w, https:\/\/alcino.com\/wp-content\/uploads\/2021\/10\/Solucoes-a-Sua-Medida-768x265.jpg 768w, https:\/\/alcino.com\/wp-content\/uploads\/2021\/10\/Solucoes-a-Sua-Medida-400x138.jpg 400w, https:\/\/alcino.com\/wp-content\/uploads\/2021\/10\/Solucoes-a-Sua-Medida-788x272.jpg 788w\" sizes=\"(max-width: 1337px) 100vw, 1337px\" \/>\t\t\t\t\t\t\n\t\t\t\t\t<\/div>\n\t\t\t\t\t\t\t\t\n<style>\n#image_2116258172 {\n  width: 100%;\n}\n<\/style>\n\t<\/div>\n\t\n\n\n\t\t<\/div>\n\t\t\t\t\t<\/div>\n\n\t\n\n<\/div>\n","protected":false},"excerpt":{"rendered":"","protected":false},"author":114,"featured_media":22400,"parent":9644,"menu_order":0,"comment_status":"closed","ping_status":"closed","template":"page-blank-alcino.php","meta":{"_acf_changed":false,"_seopress_robots_primary_cat":"","_seopress_titles_title":"Custom Made - Production of Jewelry and Decorative Pieces %%sep%% %%sitename%%","_seopress_titles_desc":"We are your best ally and we find solutions to the challenges that are proposed to us \u2013 as creatives and manufacturers.","_seopress_robots_index":"","_joinchat":[],"footnotes":""},"class_list":["post-9637","page","type-page","status-publish","has-post-thumbnail","hentry"],"acf":[],"_links":{"self":[{"href":"https:\/\/alcino.com\/en\/wp-json\/wp\/v2\/pages\/9637","targetHints":{"allow":["GET"]}}],"collection":[{"href":"https:\/\/alcino.com\/en\/wp-json\/wp\/v2\/pages"}],"about":[{"href":"https:\/\/alcino.com\/en\/wp-json\/wp\/v2\/types\/page"}],"author":[{"embeddable":true,"href":"https:\/\/alcino.com\/en\/wp-json\/wp\/v2\/users\/114"}],"replies":[{"embeddable":true,"href":"https:\/\/alcino.com\/en\/wp-json\/wp\/v2\/comments?post=9637"}],"version-history":[{"count":1,"href":"https:\/\/alcino.com\/en\/wp-json\/wp\/v2\/pages\/9637\/revisions"}],"predecessor-version":[{"id":60432,"href":"https:\/\/alcino.com\/en\/wp-json\/wp\/v2\/pages\/9637\/revisions\/60432"}],"up":[{"embeddable":true,"href":"https:\/\/alcino.com\/en\/wp-json\/wp\/v2\/pages\/9644"}],"wp:featuredmedia":[{"embeddable":true,"href":"https:\/\/alcino.com\/en\/wp-json\/wp\/v2\/media\/22400"}],"wp:attachment":[{"href":"https:\/\/alcino.com\/en\/wp-json\/wp\/v2\/media?parent=9637"}],"curies":[{"name":"wp","href":"https:\/\/api.w.org\/{rel}","templated":true}]}}